{"id":17,"date":"2022-01-02T08:09:32","date_gmt":"2022-01-02T07:09:32","guid":{"rendered":"http:\/\/hqfgybe.cluster031.hosting.ovh.net\/?page_id=17"},"modified":"2024-02-28T13:21:51","modified_gmt":"2024-02-28T12:21:51","slug":"devis","status":"publish","type":"page","link":"https:\/\/velosportloisir.fr\/index.php\/devis\/","title":{"rendered":"Devis"},"content":{"rendered":"\n<p>Vous pouvez contacter V\u00e9lo Sport Loisir au 06 56 67 34 81 ou par mail \u00e0 l&rsquo;adresse <a href=\"mailto:contact@velosportloisir.fr\">contact@velosportloisir.fr<\/a><br>Sinon compl\u00e9tez le formulaire suivant. Je vous r\u00e9pondrai d\u00e8s que possible.<\/p>\n\n\n<div class=\"wpforms-container wpforms-container-full wpforms-block\" id=\"wpforms-19\"><form id=\"wpforms-form-19\" class=\"wpforms-validate wpforms-form wpforms-ajax-form\" data-formid=\"19\" method=\"post\" enctype=\"multipart\/form-data\" action=\"\/index.php\/wp-json\/wp\/v2\/pages\/17\" data-token=\"32edb2d1d5208a715e64fe2e4ec02e63\"><noscript class=\"wpforms-error-noscript\">Veuillez activer JavaScript dans votre navigateur pour remplir ce formulaire.<\/noscript><div class=\"wpforms-field-container\"><div id=\"wpforms-19-field_1-container\" class=\"wpforms-field wpforms-field-name\" data-field-id=\"1\"><label class=\"wpforms-field-label\" for=\"wpforms-19-field_1\">Nom <span class=\"wpforms-required-label\">*<\/span><\/label><div class=\"wpforms-field-row wpforms-field-medium\"><div class=\"wpforms-field-row-block wpforms-first wpforms-one-half\"><input type=\"text\" id=\"wpforms-19-field_1\" class=\"wpforms-field-name-first wpforms-field-required\" name=\"wpforms[fields][1][first]\" required><label for=\"wpforms-19-field_1\" class=\"wpforms-field-sublabel after \">Pr\u00e9nom<\/label><\/div><div class=\"wpforms-field-row-block wpforms-one-half\"><input type=\"text\" id=\"wpforms-19-field_1-last\" class=\"wpforms-field-name-last wpforms-field-required\" name=\"wpforms[fields][1][last]\" required><label for=\"wpforms-19-field_1-last\" class=\"wpforms-field-sublabel after \">Nom<\/label><\/div><\/div><\/div><div id=\"wpforms-19-field_5-container\" class=\"wpforms-field wpforms-field-email\" data-field-id=\"5\"><label class=\"wpforms-field-label\" for=\"wpforms-19-field_5\">E-mail <span class=\"wpforms-required-label\">*<\/span><\/label><input type=\"email\" id=\"wpforms-19-field_5\" class=\"wpforms-field-medium wpforms-field-required\" name=\"wpforms[fields][5]\" spellcheck=\"false\" required><\/div><div id=\"wpforms-19-field_4-container\" class=\"wpforms-field wpforms-field-text\" data-field-id=\"4\"><label class=\"wpforms-field-label\" for=\"wpforms-19-field_4\">Num\u00e9ro de t\u00e9l\u00e9phone<\/label><input type=\"text\" id=\"wpforms-19-field_4\" class=\"wpforms-field-small wpforms-limit-characters-enabled\" data-form-id=\"19\" data-field-id=\"4\" data-text-limit=\"10\" name=\"wpforms[fields][4]\" maxlength=\"10\" ><\/div><div id=\"wpforms-19-field_2-container\" class=\"wpforms-field wpforms-field-checkbox\" data-field-id=\"2\"><label class=\"wpforms-field-label\" for=\"wpforms-19-field_2\">Pratique<\/label><ul id=\"wpforms-19-field_2\"><li class=\"choice-1 depth-1\"><input type=\"checkbox\" id=\"wpforms-19-field_2_1\" name=\"wpforms[fields][2][]\" value=\"VTT\"  ><label class=\"wpforms-field-label-inline\" for=\"wpforms-19-field_2_1\">VTT<\/label><\/li><li class=\"choice-2 depth-1\"><input type=\"checkbox\" id=\"wpforms-19-field_2_2\" name=\"wpforms[fields][2][]\" value=\"Route\"  ><label class=\"wpforms-field-label-inline\" for=\"wpforms-19-field_2_2\">Route<\/label><\/li><li class=\"choice-5 depth-1\"><input type=\"checkbox\" id=\"wpforms-19-field_2_5\" name=\"wpforms[fields][2][]\" value=\"Gravel\"  ><label class=\"wpforms-field-label-inline\" for=\"wpforms-19-field_2_5\">Gravel<\/label><\/li><li class=\"choice-3 depth-1\"><input type=\"checkbox\" id=\"wpforms-19-field_2_3\" name=\"wpforms[fields][2][]\" value=\"V\u00e9lotaf\/Moyen de transport\"  ><label class=\"wpforms-field-label-inline\" for=\"wpforms-19-field_2_3\">V\u00e9lotaf\/Moyen de transport<\/label><\/li><li class=\"choice-4 depth-1\"><input type=\"checkbox\" id=\"wpforms-19-field_2_4\" name=\"wpforms[fields][2][]\" value=\"BMX\"  ><label class=\"wpforms-field-label-inline\" for=\"wpforms-19-field_2_4\">BMX<\/label><\/li><li class=\"choice-6 depth-1\"><input type=\"checkbox\" id=\"wpforms-19-field_2_6\" name=\"wpforms[fields][2][]\" value=\"Trottinette\"  ><label class=\"wpforms-field-label-inline\" for=\"wpforms-19-field_2_6\">Trottinette<\/label><\/li><\/ul><\/div><div id=\"wpforms-19-field_3-container\" class=\"wpforms-field wpforms-field-text\" data-field-id=\"3\"><label class=\"wpforms-field-label\" for=\"wpforms-19-field_3\">Marque et mod\u00e8le de votre v\u00e9lo ou trottinette <span class=\"wpforms-required-label\">*<\/span><\/label><input type=\"text\" id=\"wpforms-19-field_3\" class=\"wpforms-field-medium wpforms-field-required\" name=\"wpforms[fields][3]\" required><\/div><div id=\"wpforms-19-field_7-container\" class=\"wpforms-field wpforms-field-radio\" data-field-id=\"7\"><label class=\"wpforms-field-label\" for=\"wpforms-19-field_7\">Qu&#039;y a t-il \u00e0 faire sur ce v\u00e9hicule? <span class=\"wpforms-required-label\">*<\/span><\/label><ul id=\"wpforms-19-field_7\" class=\"wpforms-field-required\"><li class=\"choice-1 depth-1\"><input type=\"radio\" id=\"wpforms-19-field_7_1\" name=\"wpforms[fields][7]\" value=\"R\u00e9vision g\u00e9n\u00e9rale\" required ><label class=\"wpforms-field-label-inline\" for=\"wpforms-19-field_7_1\">R\u00e9vision g\u00e9n\u00e9rale<\/label><\/li><li class=\"choice-2 depth-1\"><input type=\"radio\" id=\"wpforms-19-field_7_2\" name=\"wpforms[fields][7]\" value=\"Montage d&#039;un v\u00e9lo achet\u00e9 sur internet\" required ><label class=\"wpforms-field-label-inline\" for=\"wpforms-19-field_7_2\">Montage d&rsquo;un v\u00e9lo achet\u00e9 sur internet<\/label><\/li><li class=\"choice-3 depth-1\"><input type=\"radio\" id=\"wpforms-19-field_7_3\" name=\"wpforms[fields][7]\" value=\"Direction\" required ><label class=\"wpforms-field-label-inline\" for=\"wpforms-19-field_7_3\">Direction<\/label><\/li><li class=\"choice-4 depth-1\"><input type=\"radio\" id=\"wpforms-19-field_7_4\" name=\"wpforms[fields][7]\" value=\"P\u00e9dalier\" required ><label class=\"wpforms-field-label-inline\" for=\"wpforms-19-field_7_4\">P\u00e9dalier<\/label><\/li><li class=\"choice-5 depth-1\"><input type=\"radio\" id=\"wpforms-19-field_7_5\" name=\"wpforms[fields][7]\" value=\"Transmission (chaine\/d\u00e9railleur)\" required ><label class=\"wpforms-field-label-inline\" for=\"wpforms-19-field_7_5\">Transmission (chaine\/d\u00e9railleur)<\/label><\/li><li class=\"choice-11 depth-1\"><input type=\"radio\" id=\"wpforms-19-field_7_11\" name=\"wpforms[fields][7]\" value=\"Roue \/ pneu\" required ><label class=\"wpforms-field-label-inline\" for=\"wpforms-19-field_7_11\">Roue \/ pneu<\/label><\/li><li class=\"choice-6 depth-1\"><input type=\"radio\" id=\"wpforms-19-field_7_6\" name=\"wpforms[fields][7]\" value=\"R\u00e9vision fourche\" required ><label class=\"wpforms-field-label-inline\" for=\"wpforms-19-field_7_6\">R\u00e9vision fourche<\/label><\/li><li class=\"choice-7 depth-1\"><input type=\"radio\" id=\"wpforms-19-field_7_7\" name=\"wpforms[fields][7]\" value=\"Freinage\" required ><label class=\"wpforms-field-label-inline\" for=\"wpforms-19-field_7_7\">Freinage<\/label><\/li><li class=\"choice-9 depth-1\"><input type=\"radio\" id=\"wpforms-19-field_7_9\" name=\"wpforms[fields][7]\" value=\"Diagnostic de panne \u00e9lectrique\" required ><label class=\"wpforms-field-label-inline\" for=\"wpforms-19-field_7_9\">Diagnostic de panne \u00e9lectrique<\/label><\/li><li class=\"choice-10 depth-1\"><input type=\"radio\" id=\"wpforms-19-field_7_10\" name=\"wpforms[fields][7]\" value=\"Mise \u00e0 jour logicielle\" required ><label class=\"wpforms-field-label-inline\" for=\"wpforms-19-field_7_10\">Mise \u00e0 jour logicielle<\/label><\/li><li class=\"choice-8 depth-1\"><input type=\"radio\" id=\"wpforms-19-field_7_8\" name=\"wpforms[fields][7]\" value=\"Autre\" required ><label class=\"wpforms-field-label-inline\" for=\"wpforms-19-field_7_8\">Autre<\/label><\/li><\/ul><\/div><div id=\"wpforms-19-field_8-container\" class=\"wpforms-field wpforms-field-textarea\" data-field-id=\"8\"><label class=\"wpforms-field-label\" for=\"wpforms-19-field_8\">Pour une r\u00e9ponse plus pr\u00e9cise merci de d\u00e9tailler vos attentes, vous pouvez m\u00eame envoyer des photos  \u00e0 l&#039;adresse devis@velosportloisir.fr. <span class=\"wpforms-required-label\">*<\/span><\/label><textarea id=\"wpforms-19-field_8\" class=\"wpforms-field-medium wpforms-field-required\" name=\"wpforms[fields][8]\" required><\/textarea><\/div><\/div><!-- .wpforms-field-container --><div class=\"wpforms-submit-container\" ><input type=\"hidden\" name=\"wpforms[id]\" value=\"19\"><input type=\"hidden\" name=\"wpforms[author]\" value=\"2\"><button type=\"submit\" name=\"wpforms[submit]\" id=\"wpforms-submit-19\" class=\"wpforms-submit\" data-alt-text=\"Envoi...\" data-submit-text=\"Envoyer\" aria-live=\"assertive\" value=\"wpforms-submit\">Envoyer<\/button><img loading=\"lazy\" decoding=\"async\" src=\"https:\/\/velosportloisir.fr\/wp-content\/plugins\/wpforms-lite\/assets\/images\/submit-spin.svg\" class=\"wpforms-submit-spinner\" style=\"display: none;\" width=\"26\" height=\"26\" alt=\"Chargement en cours\"><\/div><\/form><\/div>  <!-- .wpforms-container -->","protected":false},"excerpt":{"rendered":"<p>Vous pouvez contacter V\u00e9lo Sport Loisir au 06 56 67 34 81 ou par mail \u00e0 l&rsquo;adresse contact@velosportloisir.frSinon compl\u00e9tez le formulaire suivant. Je vous r\u00e9pondrai d\u00e8s que possible.<\/p>\n","protected":false},"author":2,"featured_media":0,"parent":0,"menu_order":0,"comment_status":"closed","ping_status":"closed","template":"","meta":{"footnotes":""},"_links":{"self":[{"href":"https:\/\/velosportloisir.fr\/index.php\/wp-json\/wp\/v2\/pages\/17"}],"collection":[{"href":"https:\/\/velosportloisir.fr\/index.php\/wp-json\/wp\/v2\/pages"}],"about":[{"href":"https:\/\/velosportloisir.fr\/index.php\/wp-json\/wp\/v2\/types\/page"}],"author":[{"embeddable":true,"href":"https:\/\/velosportloisir.fr\/index.php\/wp-json\/wp\/v2\/users\/2"}],"replies":[{"embeddable":true,"href":"https:\/\/velosportloisir.fr\/index.php\/wp-json\/wp\/v2\/comments?post=17"}],"version-history":[{"count":5,"href":"https:\/\/velosportloisir.fr\/index.php\/wp-json\/wp\/v2\/pages\/17\/revisions"}],"predecessor-version":[{"id":343,"href":"https:\/\/velosportloisir.fr\/index.php\/wp-json\/wp\/v2\/pages\/17\/revisions\/343"}],"wp:attachment":[{"href":"https:\/\/velosportloisir.fr\/index.php\/wp-json\/wp\/v2\/media?parent=17"}],"curies":[{"name":"wp","href":"https:\/\/api.w.org\/{rel}","templated":true}]}}